{"id":192,"date":"2024-07-04T23:05:03","date_gmt":"2024-07-04T23:05:03","guid":{"rendered":"https:\/\/medicaabec.com\/renace\/?page_id=192"},"modified":"2024-09-05T20:01:46","modified_gmt":"2024-09-05T20:01:46","slug":"terapia-de-placenta-en-cd-sahagun-parto-natural-cesarea","status":"publish","type":"page","link":"https:\/\/medicaabec.com\/renace\/terapia-de-placenta-en-cd-sahagun-parto-natural-cesarea\/","title":{"rendered":"Terapia de placenta en Cd. Sahag\u00fan &#8211; Parto Natural, Ces\u00e1rea"},"content":{"rendered":"<p>[et_pb_section fb_built=\u00bb1&#8243; admin_label=\u00bbHeader\u00bb _builder_version=\u00bb4.27.0&#8243; _module_preset=\u00bbdefault\u00bb background_image=\u00bbhttps:\/\/medicaabec.com\/renace\/wp-content\/uploads\/2024\/07\/banner-placenta.jpg\u00bb locked=\u00bboff\u00bb collapsed=\u00bbon\u00bb global_colors_info=\u00bb{}\u00bb][et_pb_row column_structure=\u00bb1_2,1_2&#8243; _builder_version=\u00bb4.23.2&#8243; _module_preset=\u00bbdefault\u00bb global_colors_info=\u00bb{}\u00bb][et_pb_column type=\u00bb1_2&#8243; _builder_version=\u00bb4.23.2&#8243; _module_preset=\u00bbdefault\u00bb global_colors_info=\u00bb{}\u00bb][et_pb_text _builder_version=\u00bb4.25.2&#8243; _module_preset=\u00bb_initial\u00bb header_4_font=\u00bbPoppins|700||on|||||\u00bb header_4_text_color=\u00bb#FFFFFF\u00bb header_4_font_size=\u00bb14px\u00bb header_4_letter_spacing=\u00bb1px\u00bb header_4_line_height=\u00bb1.4em\u00bb custom_margin=\u00bb||10px||false|false\u00bb global_colors_info=\u00bb{}\u00bb]<\/p>\n<h4>CONOCE M\u00c1S SOBRE<\/h4>\n<p>[\/et_pb_text][et_pb_text _builder_version=\u00bb4.27.0&#8243; _module_preset=\u00bb_initial\u00bb header_font=\u00bbPoppins|500|||||||\u00bb header_text_color=\u00bb#FFFFFF\u00bb header_font_size=\u00bb80px\u00bb header_line_height=\u00bb1.2em\u00bb custom_margin=\u00bb||10px||false|false\u00bb header_font_size_tablet=\u00bb40px\u00bb header_font_size_phone=\u00bb25px\u00bb header_font_size_last_edited=\u00bbon|desktop\u00bb global_colors_info=\u00bb{}\u00bb]<\/p>\n<h1>Terapia de placenta<\/h1>\n<p>[\/et_pb_text][et_pb_text _builder_version=\u00bb4.27.0&#8243; _module_preset=\u00bb_initial\u00bb text_font=\u00bbBarlow||||||||\u00bb text_text_color=\u00bb#FFFFFF\u00bb text_font_size=\u00bb22px\u00bb text_line_height=\u00bb1.8em\u00bb text_font_size_tablet=\u00bb15px\u00bb text_font_size_phone=\u00bb16px\u00bb text_font_size_last_edited=\u00bbon|desktop\u00bb global_colors_info=\u00bb{}\u00bb]<\/p>\n<p>La terapia de placenta es el est\u00edmulo poderoso para una lactancia exitosa y la pronta recuperaci\u00f3n de mam\u00e1.<\/p>\n<p>[\/et_pb_text][et_pb_button button_text=\u00bbLeer m\u00e1s&#8230;\u00bb disabled_on=\u00bbon|on|on\u00bb _builder_version=\u00bb4.25.2&#8243; _module_preset=\u00bb_initial\u00bb custom_button=\u00bbon\u00bb button_text_size=\u00bb14px\u00bb button_text_color=\u00bb#FFFFFF\u00bb button_bg_color=\u00bbRGBA(255,255,255,0)\u00bb button_border_width=\u00bb1px\u00bb button_border_color=\u00bb#FFFFFF\u00bb button_border_radius=\u00bb0px\u00bb button_font=\u00bbBarlow|700||on|||||\u00bb custom_padding=\u00bb12px|24px|12px|24px|true|true\u00bb disabled=\u00bbon\u00bb global_colors_info=\u00bb{}\u00bb][\/et_pb_button][\/et_pb_column][et_pb_column type=\u00bb1_2&#8243; _builder_version=\u00bb4.23.2&#8243; _module_preset=\u00bbdefault\u00bb global_colors_info=\u00bb{}\u00bb][\/et_pb_column][\/et_pb_row][\/et_pb_section][et_pb_section fb_built=\u00bb1&#8243; admin_label=\u00bbAbout\u00bb _builder_version=\u00bb4.23.2&#8243; _module_preset=\u00bbdefault\u00bb locked=\u00bboff\u00bb collapsed=\u00bbon\u00bb global_colors_info=\u00bb{}\u00bb][et_pb_row column_structure=\u00bb1_2,1_2&#8243; disabled_on=\u00bbon|on|off\u00bb _builder_version=\u00bb4.27.0&#8243; _module_preset=\u00bbdefault\u00bb custom_padding=\u00bb5%||||false|false\u00bb global_colors_info=\u00bb{}\u00bb][et_pb_column type=\u00bb1_2&#8243; _builder_version=\u00bb4.27.0&#8243; _module_preset=\u00bbdefault\u00bb animation_style=\u00bbzoom\u00bb global_colors_info=\u00bb{}\u00bb][et_pb_image src=\u00bbhttps:\/\/medicaabec.com\/renace\/wp-content\/uploads\/2024\/07\/art-therapist-illustration-15-1.png\u00bb title_text=\u00bbart-therapist-illustration-15-1&#8243; _builder_version=\u00bb4.24.2&#8243; _module_preset=\u00bbdefault\u00bb positioning=\u00bbabsolute\u00bb position_origin_a=\u00bbbottom_left\u00bb width=\u00bb30%\u00bb global_colors_info=\u00bb{}\u00bb][\/et_pb_image][et_pb_image src=\u00bbhttps:\/\/medicaabec.com\/renace\/wp-content\/uploads\/2024\/07\/foto-placenta-1.jpg\u00bb title_text=\u00bbfoto-placenta-1&#8243; align=\u00bbcenter\u00bb _builder_version=\u00bb4.27.0&#8243; _module_preset=\u00bbdefault\u00bb border_radii=\u00bbon|100px|100px|100px|100px\u00bb global_colors_info=\u00bb{}\u00bb][\/et_pb_image][et_pb_image src=\u00bbhttps:\/\/medicaabec.com\/renace\/wp-content\/uploads\/2024\/07\/mancha-rosa.png\u00bb title_text=\u00bbmancha-rosa\u00bb admin_label=\u00bbImage\u00bb _builder_version=\u00bb4.25.2&#8243; _module_preset=\u00bbdefault\u00bb positioning=\u00bbabsolute\u00bb position_origin_a=\u00bbtop_right\u00bb width=\u00bb40%\u00bb mix_blend_mode=\u00bbmultiply\u00bb global_colors_info=\u00bb{}\u00bb][\/et_pb_image][et_pb_image src=\u00bbhttps:\/\/medicaabec.com\/renace\/wp-content\/uploads\/2024\/07\/art-therapist-illustration-17-1.png\u00bb title_text=\u00bbart-therapist-illustration-17-1&#8243; _builder_version=\u00bb4.24.2&#8243; _module_preset=\u00bbdefault\u00bb positioning=\u00bbabsolute\u00bb position_origin_a=\u00bbbottom_right\u00bb width=\u00bb30%\u00bb global_colors_info=\u00bb{}\u00bb][\/et_pb_image][\/et_pb_column][et_pb_column type=\u00bb1_2&#8243; _builder_version=\u00bb4.23.2&#8243; _module_preset=\u00bbdefault\u00bb global_colors_info=\u00bb{}\u00bb][et_pb_text _builder_version=\u00bb4.25.2&#8243; _module_preset=\u00bb_initial\u00bb header_2_font=\u00bbPoppins|500|||||||\u00bb header_2_text_color=\u00bb#09abb4&#8243; header_2_font_size=\u00bb45px\u00bb header_2_line_height=\u00bb1.2em\u00bb custom_margin=\u00bb||10px||false|false\u00bb header_2_font_size_tablet=\u00bb32px\u00bb header_2_font_size_phone=\u00bb20px\u00bb header_2_font_size_last_edited=\u00bbon|desktop\u00bb global_colors_info=\u00bb{}\u00bb]<\/p>\n<h2>Terapia de placenta y sus beneficios<\/h2>\n<p>[\/et_pb_text][et_pb_text _builder_version=\u00bb4.26.1&#8243; _module_preset=\u00bb_initial\u00bb text_font=\u00bbBarlow||||||||\u00bb text_text_color=\u00bbgcid-d15821fb-ca65-4f29-bfd5-ea044f046af4&#8243; text_font_size=\u00bb18px\u00bb text_line_height=\u00bb1.8em\u00bb text_font_size_tablet=\u00bb15px\u00bb text_font_size_phone=\u00bb14px\u00bb text_font_size_last_edited=\u00bbon|desktop\u00bb global_colors_info=\u00bb{%22gcid-d15821fb-ca65-4f29-bfd5-ea044f046af4%22:%91%22text_text_color%22%93}\u00bb]<\/p>\n<p>En Renace te ofrecemos un Smoothie de placenta preprarado especialmente para ti , el cual, te brindar\u00e1 los siguientes beneficios:<\/p>\n<ul>\n<li>Disminuci\u00f3n del sangrado post parto<\/li>\n<li>Inicio inmediato de la Lactancia materna<\/li>\n<li>Acelera la recuperaci\u00f3n<\/li>\n<li>Proporciona energ\u00eda<\/li>\n<li>Evita anemia y previene depresi\u00f3n post parto.<\/li>\n<\/ul>\n<p>[\/et_pb_text][\/et_pb_column][\/et_pb_row][et_pb_row column_structure=\u00bb1_2,1_2&#8243; disabled_on=\u00bboff|off|on\u00bb _builder_version=\u00bb4.27.0&#8243; _module_preset=\u00bbdefault\u00bb custom_padding=\u00bb5%||||false|false\u00bb global_colors_info=\u00bb{}\u00bb][et_pb_column type=\u00bb1_2&#8243; _builder_version=\u00bb4.23.2&#8243; _module_preset=\u00bbdefault\u00bb global_colors_info=\u00bb{}\u00bb][et_pb_text _builder_version=\u00bb4.27.0&#8243; _module_preset=\u00bb_initial\u00bb header_2_font=\u00bbPoppins|500|||||||\u00bb header_2_text_color=\u00bb#09abb4&#8243; header_2_font_size=\u00bb45px\u00bb header_2_line_height=\u00bb1.5em\u00bb custom_margin=\u00bb||10px||false|false\u00bb header_2_font_size_tablet=\u00bb32px\u00bb header_2_font_size_phone=\u00bb24px\u00bb header_2_font_size_last_edited=\u00bbon|desktop\u00bb global_colors_info=\u00bb{}\u00bb]<\/p>\n<h2>Terapia de placenta y sus beneficios<\/h2>\n<p>[\/et_pb_text][et_pb_text _builder_version=\u00bb4.27.0&#8243; _module_preset=\u00bb_initial\u00bb text_font=\u00bbBarlow||||||||\u00bb text_text_color=\u00bbgcid-d15821fb-ca65-4f29-bfd5-ea044f046af4&#8243; text_font_size=\u00bb18px\u00bb text_line_height=\u00bb1.8em\u00bb text_font_size_tablet=\u00bb15px\u00bb text_font_size_phone=\u00bb16px\u00bb text_font_size_last_edited=\u00bbon|desktop\u00bb global_colors_info=\u00bb{%22gcid-d15821fb-ca65-4f29-bfd5-ea044f046af4%22:%91%22text_text_color%22%93}\u00bb]<\/p>\n<p>En Renace te ofrecemos un Smoothie de placenta preprarado especialmente para ti , el cual, te brindar\u00e1 los siguientes beneficios:<\/p>\n<ul>\n<li>Disminuci\u00f3n del sangrado post parto<\/li>\n<li>Inicio inmediato de la Lactancia materna<\/li>\n<li>Acelera la recuperaci\u00f3n<\/li>\n<li>Proporciona energ\u00eda<\/li>\n<li>Evita anemia y previene depresi\u00f3n post parto.<\/li>\n<\/ul>\n<p>[\/et_pb_text][\/et_pb_column][et_pb_column type=\u00bb1_2&#8243; _builder_version=\u00bb4.27.0&#8243; _module_preset=\u00bbdefault\u00bb animation_style=\u00bbzoom\u00bb global_colors_info=\u00bb{}\u00bb][et_pb_image src=\u00bbhttps:\/\/medicaabec.com\/renace\/wp-content\/uploads\/2024\/07\/art-therapist-illustration-15-1.png\u00bb title_text=\u00bbart-therapist-illustration-15-1&#8243; _builder_version=\u00bb4.24.2&#8243; _module_preset=\u00bbdefault\u00bb positioning=\u00bbabsolute\u00bb position_origin_a=\u00bbbottom_left\u00bb width=\u00bb30%\u00bb global_colors_info=\u00bb{}\u00bb][\/et_pb_image][et_pb_image src=\u00bbhttps:\/\/medicaabec.com\/renace\/wp-content\/uploads\/2024\/07\/foto-placenta-1.jpg\u00bb title_text=\u00bbfoto-placenta-1&#8243; align=\u00bbcenter\u00bb _builder_version=\u00bb4.27.0&#8243; _module_preset=\u00bbdefault\u00bb border_radii=\u00bbon|100px|100px|100px|100px\u00bb global_colors_info=\u00bb{}\u00bb][\/et_pb_image][et_pb_image src=\u00bbhttps:\/\/medicaabec.com\/renace\/wp-content\/uploads\/2024\/07\/mancha-rosa.png\u00bb title_text=\u00bbmancha-rosa\u00bb admin_label=\u00bbImage\u00bb _builder_version=\u00bb4.25.2&#8243; _module_preset=\u00bbdefault\u00bb positioning=\u00bbabsolute\u00bb position_origin_a=\u00bbtop_right\u00bb width=\u00bb40%\u00bb mix_blend_mode=\u00bbmultiply\u00bb global_colors_info=\u00bb{}\u00bb][\/et_pb_image][et_pb_image src=\u00bbhttps:\/\/medicaabec.com\/renace\/wp-content\/uploads\/2024\/07\/art-therapist-illustration-17-1.png\u00bb title_text=\u00bbart-therapist-illustration-17-1&#8243; _builder_version=\u00bb4.24.2&#8243; _module_preset=\u00bbdefault\u00bb positioning=\u00bbabsolute\u00bb position_origin_a=\u00bbbottom_right\u00bb width=\u00bb30%\u00bb global_colors_info=\u00bb{}\u00bb][\/et_pb_image][\/et_pb_column][\/et_pb_row][\/et_pb_section][et_pb_section fb_built=\u00bb1&#8243; admin_label=\u00bbAbout\u00bb _builder_version=\u00bb4.27.0&#8243; _module_preset=\u00bbdefault\u00bb custom_margin_tablet=\u00bb\u00bb custom_margin_phone=\u00bb0px||||false|false\u00bb custom_margin_last_edited=\u00bbon|phone\u00bb custom_padding=\u00bb0px||||false|false\u00bb locked=\u00bboff\u00bb collapsed=\u00bbon\u00bb global_colors_info=\u00bb{}\u00bb][et_pb_row column_structure=\u00bb1_2,1_2&#8243; _builder_version=\u00bb4.27.0&#8243; _module_preset=\u00bbdefault\u00bb global_colors_info=\u00bb{}\u00bb][et_pb_column type=\u00bb1_2&#8243; _builder_version=\u00bb4.23.2&#8243; _module_preset=\u00bbdefault\u00bb global_colors_info=\u00bb{}\u00bb][et_pb_text _builder_version=\u00bb4.27.0&#8243; _module_preset=\u00bb_initial\u00bb header_2_font=\u00bbPoppins|500|||||||\u00bb header_2_text_color=\u00bb#09abb4&#8243; header_2_font_size=\u00bb45px\u00bb header_2_line_height=\u00bb1.2em\u00bb custom_margin=\u00bb5%||10px||false|false\u00bb header_2_font_size_tablet=\u00bb32px\u00bb header_2_font_size_phone=\u00bb24px\u00bb header_2_font_size_last_edited=\u00bbon|desktop\u00bb global_colors_info=\u00bb{}\u00bb]<\/p>\n<h2>Kit de placenta<\/h2>\n<p>[\/et_pb_text][et_pb_text _builder_version=\u00bb4.27.0&#8243; _module_preset=\u00bb_initial\u00bb text_font=\u00bbBarlow||||||||\u00bb text_text_color=\u00bbgcid-d15821fb-ca65-4f29-bfd5-ea044f046af4&#8243; text_font_size=\u00bb18px\u00bb text_line_height=\u00bb1.8em\u00bb text_font_size_tablet=\u00bb15px\u00bb text_font_size_phone=\u00bb16px\u00bb text_font_size_last_edited=\u00bbon|desktop\u00bb global_colors_info=\u00bb{%22gcid-d15821fb-ca65-4f29-bfd5-ea044f046af4%22:%91%22text_text_color%22%93}\u00bb]<\/p>\n<p>En Renace procesamos tu placenta para convertirla en poderosos productos que te permitir\u00e1n aprovecharla al m\u00e1ximo.<\/p>\n<p>Este kit incluye:<\/p>\n<ol>\n<li>C\u00e1psulas deshidratadas<\/li>\n<li>Pomada para rozaduras<\/li>\n<li>Aceite para cicatrices y estr\u00edas<\/li>\n<li>Crema hidratante<\/li>\n<li>Crema corporal<\/li>\n<li>Mascarilla facial<\/li>\n<li>Shampoo<\/li>\n<li>Jab\u00f3n exfoliante<\/li>\n<li>Un regalo especial<\/li>\n<\/ol>\n<p>[\/et_pb_text][\/et_pb_column][et_pb_column type=\u00bb1_2&#8243; _builder_version=\u00bb4.27.0&#8243; _module_preset=\u00bbdefault\u00bb animation_style=\u00bbzoom\u00bb global_colors_info=\u00bb{}\u00bb][et_pb_image src=\u00bbhttps:\/\/medicaabec.com\/renace\/wp-content\/uploads\/2024\/07\/art-therapist-illustration-15-1.png\u00bb title_text=\u00bbart-therapist-illustration-15-1&#8243; _builder_version=\u00bb4.24.2&#8243; _module_preset=\u00bbdefault\u00bb positioning=\u00bbabsolute\u00bb position_origin_a=\u00bbbottom_left\u00bb width=\u00bb30%\u00bb global_colors_info=\u00bb{}\u00bb][\/et_pb_image][et_pb_image src=\u00bbhttps:\/\/medicaabec.com\/renace\/wp-content\/uploads\/2024\/07\/foto-placenta-2.jpg\u00bb title_text=\u00bbfoto-placenta-2&#8243; align=\u00bbcenter\u00bb _builder_version=\u00bb4.27.0&#8243; _module_preset=\u00bbdefault\u00bb custom_padding=\u00bb15%||||false|false\u00bb border_radii=\u00bbon|100px|100px|100px|100px\u00bb global_colors_info=\u00bb{}\u00bb][\/et_pb_image][et_pb_image src=\u00bbhttps:\/\/medicaabec.com\/renace\/wp-content\/uploads\/2024\/07\/mancha-rosa.png\u00bb title_text=\u00bbmancha-rosa\u00bb admin_label=\u00bbImage\u00bb _builder_version=\u00bb4.25.2&#8243; _module_preset=\u00bbdefault\u00bb positioning=\u00bbabsolute\u00bb position_origin_a=\u00bbtop_right\u00bb width=\u00bb40%\u00bb mix_blend_mode=\u00bbmultiply\u00bb global_colors_info=\u00bb{}\u00bb][\/et_pb_image][et_pb_image src=\u00bbhttps:\/\/medicaabec.com\/renace\/wp-content\/uploads\/2024\/07\/art-therapist-illustration-17-1.png\u00bb title_text=\u00bbart-therapist-illustration-17-1&#8243; _builder_version=\u00bb4.24.2&#8243; _module_preset=\u00bbdefault\u00bb positioning=\u00bbabsolute\u00bb position_origin_a=\u00bbbottom_right\u00bb width=\u00bb30%\u00bb global_colors_info=\u00bb{}\u00bb][\/et_pb_image][\/et_pb_column][\/et_pb_row][\/et_pb_section][et_pb_section fb_built=\u00bb1&#8243; disabled_on=\u00bbon|on|on\u00bb admin_label=\u00bbCall to Action\u00bb _builder_version=\u00bb4.27.0&#8243; _module_preset=\u00bbdefault\u00bb background_color=\u00bbgcid-d15821fb-ca65-4f29-bfd5-ea044f046af4&#8243; use_background_color_gradient=\u00bbon\u00bb background_color_gradient_stops=\u00bb#ffffff 50%|gcid-d15821fb-ca65-4f29-bfd5-ea044f046af4 50%\u00bb overflow-x=\u00bbhidden\u00bb overflow-y=\u00bbhidden\u00bb disabled=\u00bbon\u00bb saved_tabs=\u00bball\u00bb collapsed=\u00bbon\u00bb global_colors_info=\u00bb{%22gcid-d15821fb-ca65-4f29-bfd5-ea044f046af4%22:%91%22background_color_gradient_stops%22,%22background_color%22%93}\u00bb][et_pb_row custom_padding_last_edited=\u00bbon|desktop\u00bb _builder_version=\u00bb4.24.2&#8243; _module_preset=\u00bbdefault\u00bb background_color=\u00bbgcid-97dd20d4-ba23-4305-9bd5-c10c1317deac\u00bb custom_padding=\u00bb60px|8%|60px|8%|true|true\u00bb custom_padding_tablet=\u00bb30px|30px|30px|30px|true|true\u00bb custom_padding_phone=\u00bb20px|20px|20px|20px|true|true\u00bb global_colors_info=\u00bb{%22gcid-97dd20d4-ba23-4305-9bd5-c10c1317deac%22:%91%22background_color%22%93}\u00bb][et_pb_column type=\u00bb4_4&#8243; _builder_version=\u00bb4.23.2&#8243; _module_preset=\u00bbdefault\u00bb global_colors_info=\u00bb{}\u00bb][et_pb_image src=\u00bbhttps:\/\/medicaabec.com\/renace\/wp-content\/uploads\/2024\/07\/art-therapist-illustration-02-1.png\u00bb title_text=\u00bbart-therapist-illustration-02-1&#8243; _builder_version=\u00bb4.24.2&#8243; _module_preset=\u00bbdefault\u00bb positioning=\u00bbabsolute\u00bb position_origin_a=\u00bbbottom_left\u00bb width=\u00bb10%\u00bb global_colors_info=\u00bb{}\u00bb][\/et_pb_image][et_pb_image src=\u00bbhttps:\/\/medicaabec.com\/renace\/wp-content\/uploads\/2024\/07\/art-therapist-illustration-03-1.png\u00bb title_text=\u00bbart-therapist-illustration-03-1&#8243; _builder_version=\u00bb4.24.2&#8243; _module_preset=\u00bbdefault\u00bb transform_translate=\u00bb100%|0px\u00bb transform_translate_linked=\u00bboff\u00bb positioning=\u00bbabsolute\u00bb position_origin_a=\u00bbcenter_right\u00bb width=\u00bb10%\u00bb global_colors_info=\u00bb{}\u00bb][\/et_pb_image][et_pb_text _builder_version=\u00bb4.25.2&#8243; _module_preset=\u00bb_initial\u00bb text_text_color=\u00bb#FFFFFF\u00bb header_2_font=\u00bbPoppins|500|||||||\u00bb header_2_text_color=\u00bb#FFFFFF\u00bb header_2_font_size=\u00bb30px\u00bb header_2_line_height=\u00bb1.2em\u00bb text_orientation=\u00bbcenter\u00bb header_2_font_size_tablet=\u00bb40px\u00bb header_2_font_size_phone=\u00bb24px\u00bb header_2_font_size_last_edited=\u00bbon|desktop\u00bb global_colors_info=\u00bb{}\u00bb]<\/p>\n<h2><span>Realizar una valoraci\u00f3n integral del embarazo es fundamental para determinar la mejor v\u00eda de nacimiento.<\/span><\/h2>\n<p>[\/et_pb_text][et_pb_button button_url=\u00bbhttps:\/\/api.whatsapp.com\/send?phone=5217751202633&#038;text=%C2%A1Hola!%20%F0%9F%91%8B%20Me%20gustar%C3%ADa%20agendar%20una%20cita%20para%20valoraci%C3%B3n%2C%20gracias.%20%F0%9F%A4%B0%F0%9F%8F%BB\u00bb url_new_window=\u00bbon\u00bb button_text=\u00bbAgenda una cita\u00bb button_alignment=\u00bbcenter\u00bb _builder_version=\u00bb4.25.2&#8243; _module_preset=\u00bb_initial\u00bb custom_button=\u00bbon\u00bb button_text_size=\u00bb14px\u00bb button_text_color=\u00bb#09abb4&#8243; button_bg_color=\u00bb#FFFFFF\u00bb button_border_width=\u00bb0px\u00bb button_border_radius=\u00bb0px\u00bb button_font=\u00bbPoppins|700||on|||||\u00bb custom_padding=\u00bb12px|24px|12px|24px|true|true\u00bb global_colors_info=\u00bb{}\u00bb][\/et_pb_button][\/et_pb_column][\/et_pb_row][\/et_pb_section]<\/p>\n","protected":false},"excerpt":{"rendered":"<p>CONOCE M\u00c1S SOBRETerapia de placentaLa terapia de placenta es el est\u00edmulo poderoso para una lactancia exitosa y la pronta recuperaci\u00f3n de mam\u00e1.Terapia de placenta y sus beneficiosEn Renace te ofrecemos un Smoothie de placenta preprarado especialmente para ti , el cual, te brindar\u00e1 los siguientes beneficios: Disminuci\u00f3n del sangrado post parto Inicio inmediato de la [&hellip;]<\/p>\n","protected":false},"author":1,"featured_media":0,"parent":0,"menu_order":0,"comment_status":"closed","ping_status":"closed","template":"","meta":{"_et_pb_use_builder":"on","_et_pb_old_content":"","_et_gb_content_width":"","_joinchat":[],"footnotes":""},"class_list":["post-192","page","type-page","status-publish","hentry"],"yoast_head":"<!-- This site is optimized with the Yoast SEO plugin v26.8 - https:\/\/yoast.com\/product\/yoast-seo-wordpress\/ -->\n<title>Terapia de placenta en Cd. Sahag\u00fan - Parto Natural, Ces\u00e1rea<\/title>\n<meta name=\"description\" content=\"Terapia de placenta en Cd. Sahag\u00fan, la terapia de placenta es el est\u00edmulo poderoso para una lactancia exitosa y la pronta recuperaci\u00f3n de mam\u00e1\" \/>\n<meta name=\"robots\" content=\"index, follow, max-snippet:-1, max-image-preview:large, max-video-preview:-1\" \/>\n<link rel=\"canonical\" href=\"https:\/\/medicaabec.com\/renace\/terapia-de-placenta-en-cd-sahagun-parto-natural-cesarea\/\" \/>\n<meta property=\"og:locale\" content=\"es_ES\" \/>\n<meta property=\"og:type\" content=\"article\" \/>\n<meta property=\"og:title\" content=\"Terapia de placenta en Cd. Sahag\u00fan - Parto Natural, Ces\u00e1rea\" \/>\n<meta property=\"og:description\" content=\"Terapia de placenta en Cd. Sahag\u00fan, la terapia de placenta es el est\u00edmulo poderoso para una lactancia exitosa y la pronta recuperaci\u00f3n de mam\u00e1\" \/>\n<meta property=\"og:url\" content=\"https:\/\/medicaabec.com\/renace\/terapia-de-placenta-en-cd-sahagun-parto-natural-cesarea\/\" \/>\n<meta property=\"og:site_name\" content=\"Renace\" \/>\n<meta property=\"article:modified_time\" content=\"2024-09-05T20:01:46+00:00\" \/>\n<meta name=\"twitter:card\" content=\"summary_large_image\" \/>\n<meta name=\"twitter:label1\" content=\"Tiempo de lectura\" \/>\n\t<meta name=\"twitter:data1\" content=\"4 minutos\" \/>\n<script type=\"application\/ld+json\" class=\"yoast-schema-graph\">{\"@context\":\"https:\/\/schema.org\",\"@graph\":[{\"@type\":\"WebPage\",\"@id\":\"https:\/\/medicaabec.com\/renace\/terapia-de-placenta-en-cd-sahagun-parto-natural-cesarea\/\",\"url\":\"https:\/\/medicaabec.com\/renace\/terapia-de-placenta-en-cd-sahagun-parto-natural-cesarea\/\",\"name\":\"Terapia de placenta en Cd. Sahag\u00fan - Parto Natural, Ces\u00e1rea\",\"isPartOf\":{\"@id\":\"https:\/\/medicaabec.com\/renace\/#website\"},\"datePublished\":\"2024-07-04T23:05:03+00:00\",\"dateModified\":\"2024-09-05T20:01:46+00:00\",\"description\":\"Terapia de placenta en Cd. Sahag\u00fan, la terapia de placenta es el est\u00edmulo poderoso para una lactancia exitosa y la pronta recuperaci\u00f3n de mam\u00e1\",\"breadcrumb\":{\"@id\":\"https:\/\/medicaabec.com\/renace\/terapia-de-placenta-en-cd-sahagun-parto-natural-cesarea\/#breadcrumb\"},\"inLanguage\":\"es\",\"potentialAction\":[{\"@type\":\"ReadAction\",\"target\":[\"https:\/\/medicaabec.com\/renace\/terapia-de-placenta-en-cd-sahagun-parto-natural-cesarea\/\"]}]},{\"@type\":\"BreadcrumbList\",\"@id\":\"https:\/\/medicaabec.com\/renace\/terapia-de-placenta-en-cd-sahagun-parto-natural-cesarea\/#breadcrumb\",\"itemListElement\":[{\"@type\":\"ListItem\",\"position\":1,\"name\":\"Portada\",\"item\":\"https:\/\/medicaabec.com\/renace\/\"},{\"@type\":\"ListItem\",\"position\":2,\"name\":\"Terapia de placenta en Cd. Sahag\u00fan &#8211; Parto Natural, Ces\u00e1rea\"}]},{\"@type\":\"WebSite\",\"@id\":\"https:\/\/medicaabec.com\/renace\/#website\",\"url\":\"https:\/\/medicaabec.com\/renace\/\",\"name\":\"Renace\",\"description\":\"Parto Natural\",\"potentialAction\":[{\"@type\":\"SearchAction\",\"target\":{\"@type\":\"EntryPoint\",\"urlTemplate\":\"https:\/\/medicaabec.com\/renace\/?s={search_term_string}\"},\"query-input\":{\"@type\":\"PropertyValueSpecification\",\"valueRequired\":true,\"valueName\":\"search_term_string\"}}],\"inLanguage\":\"es\"}]}<\/script>\n<!-- \/ Yoast SEO plugin. -->","yoast_head_json":{"title":"Terapia de placenta en Cd. Sahag\u00fan - Parto Natural, Ces\u00e1rea","description":"Terapia de placenta en Cd. Sahag\u00fan, la terapia de placenta es el est\u00edmulo poderoso para una lactancia exitosa y la pronta recuperaci\u00f3n de mam\u00e1","robots":{"index":"index","follow":"follow","max-snippet":"max-snippet:-1","max-image-preview":"max-image-preview:large","max-video-preview":"max-video-preview:-1"},"canonical":"https:\/\/medicaabec.com\/renace\/terapia-de-placenta-en-cd-sahagun-parto-natural-cesarea\/","og_locale":"es_ES","og_type":"article","og_title":"Terapia de placenta en Cd. Sahag\u00fan - Parto Natural, Ces\u00e1rea","og_description":"Terapia de placenta en Cd. Sahag\u00fan, la terapia de placenta es el est\u00edmulo poderoso para una lactancia exitosa y la pronta recuperaci\u00f3n de mam\u00e1","og_url":"https:\/\/medicaabec.com\/renace\/terapia-de-placenta-en-cd-sahagun-parto-natural-cesarea\/","og_site_name":"Renace","article_modified_time":"2024-09-05T20:01:46+00:00","twitter_card":"summary_large_image","twitter_misc":{"Tiempo de lectura":"4 minutos"},"schema":{"@context":"https:\/\/schema.org","@graph":[{"@type":"WebPage","@id":"https:\/\/medicaabec.com\/renace\/terapia-de-placenta-en-cd-sahagun-parto-natural-cesarea\/","url":"https:\/\/medicaabec.com\/renace\/terapia-de-placenta-en-cd-sahagun-parto-natural-cesarea\/","name":"Terapia de placenta en Cd. Sahag\u00fan - Parto Natural, Ces\u00e1rea","isPartOf":{"@id":"https:\/\/medicaabec.com\/renace\/#website"},"datePublished":"2024-07-04T23:05:03+00:00","dateModified":"2024-09-05T20:01:46+00:00","description":"Terapia de placenta en Cd. Sahag\u00fan, la terapia de placenta es el est\u00edmulo poderoso para una lactancia exitosa y la pronta recuperaci\u00f3n de mam\u00e1","breadcrumb":{"@id":"https:\/\/medicaabec.com\/renace\/terapia-de-placenta-en-cd-sahagun-parto-natural-cesarea\/#breadcrumb"},"inLanguage":"es","potentialAction":[{"@type":"ReadAction","target":["https:\/\/medicaabec.com\/renace\/terapia-de-placenta-en-cd-sahagun-parto-natural-cesarea\/"]}]},{"@type":"BreadcrumbList","@id":"https:\/\/medicaabec.com\/renace\/terapia-de-placenta-en-cd-sahagun-parto-natural-cesarea\/#breadcrumb","itemListElement":[{"@type":"ListItem","position":1,"name":"Portada","item":"https:\/\/medicaabec.com\/renace\/"},{"@type":"ListItem","position":2,"name":"Terapia de placenta en Cd. Sahag\u00fan &#8211; Parto Natural, Ces\u00e1rea"}]},{"@type":"WebSite","@id":"https:\/\/medicaabec.com\/renace\/#website","url":"https:\/\/medicaabec.com\/renace\/","name":"Renace","description":"Parto Natural","potentialAction":[{"@type":"SearchAction","target":{"@type":"EntryPoint","urlTemplate":"https:\/\/medicaabec.com\/renace\/?s={search_term_string}"},"query-input":{"@type":"PropertyValueSpecification","valueRequired":true,"valueName":"search_term_string"}}],"inLanguage":"es"}]}},"_links":{"self":[{"href":"https:\/\/medicaabec.com\/renace\/wp-json\/wp\/v2\/pages\/192","targetHints":{"allow":["GET"]}}],"collection":[{"href":"https:\/\/medicaabec.com\/renace\/wp-json\/wp\/v2\/pages"}],"about":[{"href":"https:\/\/medicaabec.com\/renace\/wp-json\/wp\/v2\/types\/page"}],"author":[{"embeddable":true,"href":"https:\/\/medicaabec.com\/renace\/wp-json\/wp\/v2\/users\/1"}],"replies":[{"embeddable":true,"href":"https:\/\/medicaabec.com\/renace\/wp-json\/wp\/v2\/comments?post=192"}],"version-history":[{"count":35,"href":"https:\/\/medicaabec.com\/renace\/wp-json\/wp\/v2\/pages\/192\/revisions"}],"predecessor-version":[{"id":488,"href":"https:\/\/medicaabec.com\/renace\/wp-json\/wp\/v2\/pages\/192\/revisions\/488"}],"wp:attachment":[{"href":"https:\/\/medicaabec.com\/renace\/wp-json\/wp\/v2\/media?parent=192"}],"curies":[{"name":"wp","href":"https:\/\/api.w.org\/{rel}","templated":true}]}}